{"id":1780,"date":"2020-12-18T10:40:44","date_gmt":"2020-12-18T10:40:44","guid":{"rendered":"http:\/\/1000zaracotas.com\/?page_id=1780"},"modified":"2020-12-29T17:52:10","modified_gmt":"2020-12-29T17:52:10","slug":"aviso-legal-y-politica-de-privacidad","status":"publish","type":"page","link":"https:\/\/1000zaracotas.com\/index.php\/aviso-legal-y-politica-de-privacidad\/","title":{"rendered":"AVISO LEGAL Y POL\u00cdTICA DE PRIVACIDAD"},"content":{"rendered":"\n<h1 class=\"has-text-color\" style=\"color:#8f0fc2\"><strong><u>Aviso Legal y Pol\u00edtica de Privacidad: Cl\u00ednica  Veterinaria 1000Zaracota<\/u>s<\/strong><\/h1>\n\n\n\n<p>El titular de este sitio web es <strong>1000 ZARACOTAS SL<\/strong>, con CIF. B99553901, con domicilio en Calle Doctor Cerrada 7-13, Escalera 4 Local 4, 50.005 de Zaragoza.<\/p>\n\n\n\n<h2 class=\"has-text-color\" style=\"color:#9209c8\"><strong><u>AVISO LEGAL<\/u><\/strong><\/h2>\n\n\n\n<p>Esta p\u00e1gina web se rige exclusivamente por la normativa aplicable en Espa\u00f1a, quedando por ello sometidos a la legislaci\u00f3n espa\u00f1ola tanto extranjeros como nacionales que hagan uso de esta Web.<\/p>\n\n\n\n<p>El acceso a nuestra p\u00e1gina web es gratuito para todos los usuarios, pero est\u00e1 limitado a la aceptaci\u00f3n de las condiciones generales de uso en su totalidad. Si por cualquier motivo el usuario de la p\u00e1gina web no estuviera de acuerdo con las condiciones de uso, puede abandonar nuestra web sin ning\u00fan problema.<\/p>\n\n\n\n<p>1000 Zaracotas puede modificar la configuraci\u00f3n de su Web, cambiar los servicios que presta, e incluso eliminarla por completo, de manera unilateral y sin obligaci\u00f3n de avisar a los usuarios.&nbsp;<\/p>\n\n\n\n<p>Pol\u00edtica de privacidad<\/p>\n\n\n\n<p>En Cl\u00ednica Veterinaria 1000Zaracotas, nos preocupamos por la privacidad y la transparencia. Por ello nos comprometemos a garantizar la privacidad del usuario de nuestro sitio web y a no recoger informaci\u00f3n innecesaria. A continuaci\u00f3n, te indicamos con detalle los tratamientos de datos personales que realizamos, as\u00ed como toda la informaci\u00f3n relativa a los mismos.<\/p>\n\n\n\n<h2 class=\"has-text-color\" style=\"color:#9209c8\"><strong><u>TRATAMIENTO DE LOS DATOS DE POTENCIALES CLIENTES Y CONTACTOS<\/u><\/strong><\/h2>\n\n\n\n<figure class=\"wp-block-table\"><table><tbody><tr><td>Informaci\u00f3n b\u00e1sica sobre Protecci\u00f3n de datos<\/td><td>&nbsp;<\/td><\/tr><tr><td>Responsable<\/td><td><strong>CL\u00cdNICA VETERINARIA 1000ZARACOTAS SL<\/strong><\/td><\/tr><tr><td>Finalidad<\/td><td><strong>Atender su solicitud y\/o enviarle comunicaciones comerciales<\/strong><\/td><\/tr><tr><td>Legitimidad<\/td><td><strong>Ejecuci\u00f3n de un contrato. Consentimiento del interesado. Inter\u00e9s leg\u00edtimo.<\/strong><\/td><\/tr><tr><td>Destinatarios<\/td><td><strong>No se ceder\u00e1n datos a terceros, salvo lo que marque la legislaci\u00f3n.<\/strong><\/td><\/tr><tr><td>Derechos<\/td><td><strong>Tiene derecho a acceder, rectificar y suprimir los datos, as\u00ed como otros derechos que pueda ejercer dirigi\u00e9ndose a la direcci\u00f3n del responsable del tratamiento de los datos.<\/strong><\/td><\/tr><tr><td>Procedencia<\/td><td><strong>El propio interesado.<\/strong><\/td><\/tr><\/tbody><\/table><\/figure>\n\n\n\n<h2 class=\"has-text-color\" style=\"color:#9209c8\"><strong>1. \u00bfQUI\u00c9N ES EL RESPONSABLE DEL TRATAMIENTO DE SUS DATOS?&nbsp;&nbsp;&nbsp;&nbsp;&nbsp;&nbsp;&nbsp;&nbsp;&nbsp;&nbsp;&nbsp;&nbsp;&nbsp;&nbsp;&nbsp;&nbsp;&nbsp;&nbsp;&nbsp;&nbsp;&nbsp;&nbsp;&nbsp;&nbsp;&nbsp;&nbsp;&nbsp;&nbsp;&nbsp;&nbsp;&nbsp;&nbsp;&nbsp;<\/strong><\/h2>\n\n\n\n<p>1000 ZARACOTAS SL<\/p>\n\n\n\n<p>B99553901<\/p>\n\n\n\n<p>Calle Doctor Cerrada n\u00famero&nbsp; 7-13, Esc. 4, Local 4 \u2013&nbsp; 50.005 \u2013 ZARAGOZA.<\/p>\n\n\n\n<p>97621 57 56.<\/p>\n\n\n\n<p>1000zaracotas@gmail.com<\/p>\n\n\n\n<h2 class=\"has-text-color\" style=\"color:#9209c8\"><strong>2. \u00bfCON QU\u00c9 FINALIDAD TRATAMOS SUS DATOS PERSONALES?<\/strong><\/h2>\n\n\n\n<p>En 1000ZARACOTAS SL, tratamos la informaci\u00f3n que nos facilitan las personas interesadas con diferentes fines:<\/p>\n\n\n\n<ul><li>Realizar la gesti\u00f3n de potenciales clientes que se han interesado sobre nuestros productos y\/o servicios.<\/li><li>Gestionar la lista de suscripciones, enviar boletines, promociones u ofertas especiales.<\/li><\/ul>\n\n\n\n<p>Los datos personales facilitados estar\u00e1n ubicados en los servidores de The Rocket Science Group LLC d\/b\/a, con domicilio en EEUU (Mailchimp).<\/p>\n\n\n\n<h2 class=\"has-text-color\" style=\"color:#9209c8\"><strong>3. \u00bfPOR CU\u00c1NTO TIEMPO CONSERVAREMOS SUS DATOS?<\/strong><\/h2>\n\n\n\n<p>Los datos se conservar\u00e1n mientras el interesado no solicite su supresi\u00f3n.<\/p>\n\n\n\n<h2 class=\"has-text-color\" style=\"color:#9209c8\"><strong>4. \u00bfCU\u00c1L ES LA LEGITIMACI\u00d3N PARA EL TRATAMIENTO DE SUS DATOS?<\/strong><\/h2>\n\n\n\n<p>Le indicamos la base legal para el tratamiento de sus datos:<\/p>\n\n\n\n<ul><li>Ejecuci\u00f3n de un contrato: Gesti\u00f3n de potenciales clientes que se han interesado sobre nuestros productos y\/o servicios. (RGPD, art. 6.1.b, LSSICE art.21).<\/li><li>Consentimiento del interesado: Enviar comunicaciones comerciales, inclusive por v\u00eda electr\u00f3nica. (RGPD, art. 6.1.a).<\/li><li>Inter\u00e9s leg\u00edtimo del Responsable: Gesti\u00f3n de los datos de contacto profesionales (LOPDGDD art.19, RGPD art. 6.1.f).<\/li><\/ul>\n\n\n\n<h2 class=\"has-text-color\" style=\"color:#9209c8\"><strong>5. \u00bfA QU\u00c9 DESTINATARIOS SE COMUNICAR\u00c1N SUS DATOS?<\/strong><\/h2>\n\n\n\n<p>No se ceder\u00e1n datos a terceros, salvo obligaci\u00f3n legal.<\/p>\n\n\n\n<h2 class=\"has-text-color\" style=\"color:#9209c8\"><strong>6. TRANSFERENCIAS DE DATOS A TERCEROS PA\u00cdSES<\/strong><\/h2>\n\n\n\n<p>No se har\u00e1n transferencias de datos a terceros pa\u00edses.<strong><br><\/strong><\/p>\n\n\n\n<h2 class=\"has-text-color\" style=\"color:#9209c8\"><strong>7. \u00bfCU\u00c1LES SON SUS DERECHOS CUANDO NOS FACILITA SUS DATOS?<\/strong><\/h2>\n\n\n\n<p>Cualquier persona tiene derecho a obtener confirmaci\u00f3n sobre si en 1000 ZARACOTAS SL, &nbsp;estamos tratando, o no, datos personales que les conciernan.<\/p>\n\n\n\n<p>Las personas interesadas tienen derecho a acceder a sus datos personales, as\u00ed como a solicitar la rectificaci\u00f3n de los datos inexactos o, en su caso, solicitar su eliminaci\u00f3n cuando, entre otros motivos, los datos ya no sean necesarios para los fines que fueron recogidos. Igualmente tiene derecho a la portabilidad de sus datos.<\/p>\n\n\n\n<p>En determinadas circunstancias, los interesados podr\u00e1n solicitar la limitaci\u00f3n del tratamiento de sus datos, en cuyo caso \u00fanicamente los conservaremos para el ejercicio o la defensa de reclamaciones.<\/p>\n\n\n\n<p>En determinadas circunstancias y por motivos relacionados con su situaci\u00f3n particular, los interesados podr\u00e1n oponerse al tratamiento de sus datos. En este caso, 1000 ZARACOTAS SL dejar\u00e1 de tratar los datos, salvo por motivos leg\u00edtimos imperiosos, o el ejercicio o la defensa de posibles reclamaciones.<\/p>\n\n\n\n<p>Podr\u00e1 ejercitar materialmente sus derechos de la siguiente forma: dirigiendo su solicitud al correo electr\u00f3nico <a href=\"mailto:1000zaracotas@gmail.com\">1000zaracotas@gmail.com<\/a> junto con una prueba v\u00e1lida en derecho, copia del DNI o documento legal equivalente.<\/p>\n\n\n\n<p>Cuando se realice el env\u00edo de comunicaciones comerciales utilizando como base jur\u00eddica el inter\u00e9s leg\u00edtimo del responsable, el interesado podr\u00e1 oponerse al tratamiento de sus datos con ese fin.<\/p>\n\n\n\n<p>Si ha otorgado su consentimiento para alguna finalidad concreta, tiene derecho a retirar el consentimiento otorgado en cualquier momento, sin que ello afecte a la licitud del tratamiento basado en el consentimiento previo a su retirada.<\/p>\n\n\n\n<p>En caso de que sienta vulnerados sus derechos en lo concerniente a la protecci\u00f3n de sus datos personales, especialmente cuando no haya obtenido satisfacci\u00f3n en el ejercicio de sus derechos, puede presentar una reclamaci\u00f3n ante la Autoridad de Control en materia de Protecci\u00f3n de Datos competente a trav\u00e9s de su sitio web:&nbsp;<a href=\"https:\/\/www.aepd.es\/es\" target=\"_blank\" rel=\"noreferrer noopener\">www.aepd.es<\/a><\/p>\n\n\n\n<h2 class=\"has-text-color\" style=\"color:#9209c8\"><strong>8. \u00bfC\u00d3MO HEMOS OBTENIDO SUS DATOS?<\/strong><\/h2>\n\n\n\n<p>Los datos personales que tratamos en 1000 ZARACOTAS SL proceden de: El propio interesado, los cuales han sido proporcionados por el mismo a trav\u00e9s de nuestro formulario de contacto o contactando con nosotros a trav\u00e9s del correo electr\u00f3nico de nuestra p\u00e1gina, habiendo le\u00eddo y aceptado el Aviso Legal y las Pol\u00edticas de Privacidad.<\/p>\n\n\n\n<h2 class=\"has-text-color\" style=\"color:#9209c8\"><strong>9. SEGURIDAD DE SUS DATOS PERSONALES<\/strong><\/h2>\n\n\n\n<p>Con el objeto de proteger la seguridad de los datos personales proporcionados, le queremos indicar que en 1000 Zaracotas se han adoptado todas las medidas t\u00e9cnicas posibles para garantizar la seguridad de los datos, evitando en todo lo posible, su alteraci\u00f3n, p\u00e9rdida o accesos a ellos no autorizados por nosotros. <strong><br><\/strong><\/p>\n\n\n\n<h2 class=\"has-text-color\" style=\"color:#9209c8\"><strong>10. ACTUALIZACION DE LOS DATOS<\/strong><\/h2>\n\n\n\n<p>Es de vital importancia para nosotros y para el correcto funcionamiento de las comunicaciones, mantener los datos personales actualizados. Por ello rogamos a nuestros clientes que si se produce alguna modificaci\u00f3n en los mismos nos lo comuniquen a trav\u00e9s de correo electr\u00f3nico.<\/p>\n\n\n\n<h2 class=\"has-text-color\" style=\"color:#9209c8\"><strong>11. CONTACTO<\/strong><\/h2>\n\n\n\n<p>En caso de que usted tenga cualquier duda acerca de estas Condiciones legales o quiera realizar cualquier comentario sobre este sitio Web, puede enviar un mensaje de correo electr\u00f3nico a la direcci\u00f3n 1000zaracotas@gmail.com.<\/p>\n\n\n\n<h2 class=\"has-text-color\" style=\"color:#9209c8\"><strong><em><u>TRATAMIENTO PARA LA GESTI\u00d3N DEL HISTORIAL CL\u00cdNICO DEL PACIENTE<\/u><\/em><\/strong><\/h2>\n\n\n\n<figure class=\"wp-block-table\"><table><tbody><tr><td>Informaci\u00f3n b\u00e1sica sobre Protecci\u00f3n de datos<\/td><td>&nbsp;<\/td><\/tr><tr><td>Responsable<\/td><td><strong>CL\u00cdNICA VETERINARIA 1000ZARACOTAS SL<\/strong><\/td><\/tr><tr><td>Finalidad<\/td><td><strong>Atender su solicitud y enviarle comunicaciones comerciales<\/strong><\/td><\/tr><tr><td>Legitimidad<\/td><td><strong>Ejecuci\u00f3n de un contrato. Consentimiento del interesado. Inter\u00e9s leg\u00edtimo.<\/strong><\/td><\/tr><tr><td>Destinatarios<\/td><td><strong>No se ceder\u00e1n datos a terceros, salvo lo que marque la legislaci\u00f3n.<\/strong><\/td><\/tr><tr><td>Derechos<\/td><td><strong>Tiene derecho a acceder, rectificar y suprimir los datos, as\u00ed como otros derechos que pueda ejercer dirigi\u00e9ndose a la direcci\u00f3n del responsable del tratamiento de los datos.<\/strong><\/td><\/tr><tr><td>Procedencia<\/td><td><strong>El propio interesado.<\/strong><\/td><\/tr><\/tbody><\/table><\/figure>\n\n\n\n<h2 class=\"has-text-color\" style=\"color:#9209c8\"><strong>1. \u00bfQUI\u00c9N ES EL RESPONSABLE DEL TRATAMIENTO DE SUS DATOS?&nbsp;&nbsp;&nbsp;&nbsp;&nbsp;&nbsp;&nbsp;&nbsp;&nbsp;&nbsp;&nbsp;&nbsp;&nbsp;&nbsp;&nbsp;&nbsp;&nbsp;&nbsp;&nbsp;&nbsp;&nbsp;&nbsp;&nbsp;&nbsp;&nbsp;&nbsp;&nbsp;&nbsp;&nbsp;&nbsp;&nbsp;&nbsp;&nbsp;<\/strong><\/h2>\n\n\n\n<p>1000 ZARACOTAS SL<\/p>\n\n\n\n<p>B99553901<\/p>\n\n\n\n<p>Calle Doctor Cerrada n\u00famero&nbsp; 7-13, Esc. 4, Local 4 \u2013&nbsp; 50.005 \u2013 ZARAGOZA.<\/p>\n\n\n\n<p>97621 57 56.<\/p>\n\n\n\n<p>1000zaracotas@gmail.com<strong><br><\/strong><\/p>\n\n\n\n<h2 class=\"has-text-color\" style=\"color:#9209c8\"><strong>2. \u00bfCON QU\u00c9 FINALIDAD TRATAMOS SUS DATOS PERSONALES?<\/strong><\/h2>\n\n\n\n<p>En 1000ZARACOTAS SL, tratamos la informaci\u00f3n que nos facilitan las personas interesadas con diferentes fines:<\/p>\n\n\n\n<ul><li>Realizar la gesti\u00f3n de potenciales clientes que se han interesado sobre nuestros productos y\/o servicios.<\/li><li>Gestionar la lista de suscripciones, enviar boletines, promociones u ofertas especiales.<\/li><\/ul>\n\n\n\n<p>Los datos personales facilitados estar\u00e1n ubicados en los servidores de The Rocket Science Group LLC d\/b\/a, con domicilio en EEUU (Mailchimp).<\/p>\n\n\n\n<h2 class=\"has-text-color\" style=\"color:#9209c8\"><strong>3. \u00bfPOR CU\u00c1NTO TIEMPO CONSERVAREMOS SUS DATOS?<\/strong><\/h2>\n\n\n\n<p>Los datos se conservar\u00e1n mientras el interesado no solicite su supresi\u00f3n.<\/p>\n\n\n\n<h2 class=\"has-text-color\" style=\"color:#9209c8\"><strong>4. \u00bfCU\u00c1L ES LA LEGITIMACI\u00d3N PARA EL TRATAMIENTO DE SUS DATOS?<\/strong><\/h2>\n\n\n\n<p>Le indicamos la base legal para el tratamiento de sus datos:<\/p>\n\n\n\n<ul><li>Ejecuci\u00f3n de un contrato: Gesti\u00f3n de potenciales clientes que se han interesado sobre nuestros productos y\/o servicios. (RGPD, art. 6.1.b, LSSICE art.21).<\/li><li>Consentimiento del interesado: Enviar comunicaciones comerciales, inclusive por v\u00eda electr\u00f3nica. (RGPD, art. 6.1.a).<\/li><li>Inter\u00e9s leg\u00edtimo del Responsable: Gesti\u00f3n de los datos de contacto profesionales (LOPDGDD art.19, RGPD art. 6.1.f).<\/li><\/ul>\n\n\n\n<h2 class=\"has-text-color\" style=\"color:#9209c8\"><strong>5. \u00bfA QU\u00c9 DESTINATARIOS SE COMUNICAR\u00c1N SUS DATOS?<\/strong><\/h2>\n\n\n\n<p>No se ceder\u00e1n datos a terceros, salvo obligaci\u00f3n legal.<\/p>\n\n\n\n<h2 class=\"has-text-color\" style=\"color:#9209c8\"><strong>6. TRANSFERENCIAS DE DATOS A TERCEROS PA\u00cdSES<\/strong><\/h2>\n\n\n\n<p>No se har\u00e1n transferencias de datos a terceros pa\u00edses.<\/p>\n\n\n\n<h2 class=\"has-text-color\" style=\"color:#9209c8\"><strong>7. \u00bfCU\u00c1LES SON SUS DERECHOS CUANDO NOS FACILITA SUS DATOS?<\/strong><\/h2>\n\n\n\n<p>Cualquier persona tiene derecho a obtener confirmaci\u00f3n sobre si en 1000 ZARACOTAS SL, estamos tratando, o no, datos personales que les conciernan.<\/p>\n\n\n\n<p>Las personas interesadas tienen derecho a acceder a sus datos personales, as\u00ed como a solicitar la rectificaci\u00f3n de los datos inexactos o, en su caso, solicitar su eliminaci\u00f3n cuando, entre otros motivos, los datos ya no sean necesarios para los fines que fueron recogidos. Igualmente tiene derecho a la portabilidad de sus datos.<\/p>\n\n\n\n<p>En determinadas circunstancias, los interesados podr\u00e1n solicitar la limitaci\u00f3n del tratamiento de sus datos, en cuyo caso \u00fanicamente los conservaremos para el ejercicio o la defensa de reclamaciones.<\/p>\n\n\n\n<p>En determinadas circunstancias y por motivos relacionados con su situaci\u00f3n particular, los interesados podr\u00e1n oponerse al tratamiento de sus datos. En este caso, 1000 ZARACOTAS SL dejar\u00e1 de tratar los datos, salvo por motivos leg\u00edtimos imperiosos, o el ejercicio o la defensa de posibles reclamaciones.<\/p>\n\n\n\n<p>Podr\u00e1 ejercitar materialmente sus derechos de la siguiente forma: dirigiendo su solicitud al correo electr\u00f3nico <a href=\"mailto:1000zaracotas@gmail.com\">1000zaracotas@gmail.com<\/a> junto con una prueba v\u00e1lida en derecho, copia del DNI o documento legal equivalente.<\/p>\n\n\n\n<p>Cuando se realice el env\u00edo de comunicaciones comerciales utilizando como base jur\u00eddica el inter\u00e9s leg\u00edtimo del responsable, el interesado podr\u00e1 oponerse al tratamiento de sus datos con ese fin.<\/p>\n\n\n\n<p>Si ha otorgado su consentimiento para alguna finalidad concreta, tiene derecho a retirar el consentimiento otorgado en cualquier momento, sin que ello afecte a la licitud del tratamiento basado en el consentimiento previo a su retirada.<\/p>\n\n\n\n<p>En caso de que sienta vulnerados sus derechos en lo concerniente a la protecci\u00f3n de sus datos personales, especialmente cuando no haya obtenido satisfacci\u00f3n en el ejercicio de sus derechos, puede presentar una reclamaci\u00f3n ante la Autoridad de Control en materia de Protecci\u00f3n de Datos competente a trav\u00e9s de su sitio web:&nbsp;<a href=\"https:\/\/www.aepd.es\/es\" target=\"_blank\" rel=\"noreferrer noopener\">www.aepd.es<\/a>.<\/p>\n\n\n\n<h2 class=\"has-text-color\" style=\"color:#9209c8\"><strong>8. \u00bfC\u00d3MO HEMOS OBTENIDO SUS DATOS?<\/strong><\/h2>\n\n\n\n<p>Los datos personales que tratamos en 1000 ZARACOTAS SL proceden de: El propio interesado, los cuales han sido proporcionados por el mismo a trav\u00e9s de nuestro formulario de contacto, habiendo le\u00eddo y aceptado el Aviso Legal y las Pol\u00edticas de Privacidad.<\/p>\n\n\n\n<h2 class=\"has-text-color\" style=\"color:#9209c8\"><strong>9. SEGURIDAD DE SUS DATOS PERSONALES<\/strong><\/h2>\n\n\n\n<p>Con el objeto de proteger la seguridad de los datos personales proporcionados, le queremos indicar que en 1000 Zaracotas se han adoptado todas las medidas t\u00e9cnicas posibles para garantizar la seguridad de los datos, evitando en todo lo posible, su alteraci\u00f3n, p\u00e9rdida o accesos a ellos no autorizados por nosotros.<\/p>\n\n\n\n<h2 class=\"has-text-color\" style=\"color:#9209c8\"><strong>10. ACTUALIZACION DE LOS DATOS<\/strong><\/h2>\n\n\n\n<p>Es de vital importancia para nosotros y para el correcto funcionamiento de las comunicaciones, mantener los datos personales actualizados. Por ello rogamos a nuestros clientes que si se produce alguna modificaci\u00f3n en los mismos nos lo comuniquen a trav\u00e9s de correo electr\u00f3nico.<\/p>\n\n\n\n<h2 class=\"has-text-color\" style=\"color:#9209c8\"><strong>11. CONTACTO<\/strong><\/h2>\n\n\n\n<p>En caso de que usted tenga cualquier duda acerca de estas Condiciones legales o quiera realizar cualquier comentario sobre este sitio Web, puede enviar un mensaje de correo electr\u00f3nico a la direcci\u00f3n 1000zaracotas@gmail.com.<\/p>\n","protected":false},"excerpt":{"rendered":"<p>Aviso Legal y Pol\u00edtica de Privacidad: Cl\u00ednica Veterinaria 1000Zaracotas El titular de este sitio web es 1000 ZARACOTAS SL, con CIF. B99553901, con domicilio en Calle Doctor Cerrada 7-13, Escalera 4 Local 4, 50.005 de Zaragoza. AVISO LEGAL Esta p\u00e1gina web se rige exclusivamente por la normativa aplicable en Espa\u00f1a, quedando por ello sometidos a [&hellip;]<\/p>\n","protected":false},"author":2,"featured_media":0,"parent":0,"menu_order":0,"comment_status":"closed","ping_status":"closed","template":"","meta":[],"yoast_head":"<!-- This site is optimized with the Yoast SEO plugin v15.7 - https:\/\/yoast.com\/wordpress\/plugins\/seo\/ -->\n<title>AVISO LEGAL Y POL\u00cdTICA DE PRIVACIDAD ~ 1000ZARACOTAS<\/title>\n<meta name=\"robots\" content=\"index, follow, max-snippet:-1, max-image-preview:large, max-video-preview:-1\" \/>\n<link rel=\"canonical\" href=\"https:\/\/1000zaracotas.com\/index.php\/aviso-legal-y-politica-de-privacidad\/\" \/>\n<meta property=\"og:locale\" content=\"es_ES\" \/>\n<meta property=\"og:type\" content=\"article\" \/>\n<meta property=\"og:title\" content=\"AVISO LEGAL Y POL\u00cdTICA DE PRIVACIDAD ~ 1000ZARACOTAS\" \/>\n<meta property=\"og:description\" content=\"Aviso Legal y Pol\u00edtica de Privacidad: Cl\u00ednica Veterinaria 1000Zaracotas El titular de este sitio web es 1000 ZARACOTAS SL, con CIF. B99553901, con domicilio en Calle Doctor Cerrada 7-13, Escalera 4 Local 4, 50.005 de Zaragoza. AVISO LEGAL Esta p\u00e1gina web se rige exclusivamente por la normativa aplicable en Espa\u00f1a, quedando por ello sometidos a [&hellip;]\" \/>\n<meta property=\"og:url\" content=\"https:\/\/1000zaracotas.com\/index.php\/aviso-legal-y-politica-de-privacidad\/\" \/>\n<meta property=\"og:site_name\" content=\"1000ZARACOTAS\" \/>\n<meta property=\"article:modified_time\" content=\"2020-12-29T17:52:10+00:00\" \/>\n<meta name=\"twitter:card\" content=\"summary_large_image\" \/>\n<meta name=\"twitter:label1\" content=\"Tiempo de lectura\">\n\t<meta name=\"twitter:data1\" content=\"10 minutos\">\n<script type=\"application\/ld+json\" class=\"yoast-schema-graph\">{\"@context\":\"https:\/\/schema.org\",\"@graph\":[{\"@type\":\"WebSite\",\"@id\":\"https:\/\/1000zaracotas.com\/#website\",\"url\":\"https:\/\/1000zaracotas.com\/\",\"name\":\"1000ZARACOTAS\",\"description\":\"Cl\\u00ednica Veterinaria, Perros, Gatos, Animales Ex\\u00f3ticos\",\"potentialAction\":[{\"@type\":\"SearchAction\",\"target\":\"https:\/\/1000zaracotas.com\/?s={search_term_string}\",\"query-input\":\"required name=search_term_string\"}],\"inLanguage\":\"es\"},{\"@type\":\"WebPage\",\"@id\":\"https:\/\/1000zaracotas.com\/index.php\/aviso-legal-y-politica-de-privacidad\/#webpage\",\"url\":\"https:\/\/1000zaracotas.com\/index.php\/aviso-legal-y-politica-de-privacidad\/\",\"name\":\"AVISO LEGAL Y POL\\u00cdTICA DE PRIVACIDAD ~ 1000ZARACOTAS\",\"isPartOf\":{\"@id\":\"https:\/\/1000zaracotas.com\/#website\"},\"datePublished\":\"2020-12-18T10:40:44+00:00\",\"dateModified\":\"2020-12-29T17:52:10+00:00\",\"inLanguage\":\"es\",\"potentialAction\":[{\"@type\":\"ReadAction\",\"target\":[\"https:\/\/1000zaracotas.com\/index.php\/aviso-legal-y-politica-de-privacidad\/\"]}]}]}<\/script>\n<!-- \/ Yoast SEO plugin. -->","_links":{"self":[{"href":"https:\/\/1000zaracotas.com\/index.php\/wp-json\/wp\/v2\/pages\/1780"}],"collection":[{"href":"https:\/\/1000zaracotas.com\/index.php\/wp-json\/wp\/v2\/pages"}],"about":[{"href":"https:\/\/1000zaracotas.com\/index.php\/wp-json\/wp\/v2\/types\/page"}],"author":[{"embeddable":true,"href":"https:\/\/1000zaracotas.com\/index.php\/wp-json\/wp\/v2\/users\/2"}],"replies":[{"embeddable":true,"href":"https:\/\/1000zaracotas.com\/index.php\/wp-json\/wp\/v2\/comments?post=1780"}],"version-history":[{"count":8,"href":"https:\/\/1000zaracotas.com\/index.php\/wp-json\/wp\/v2\/pages\/1780\/revisions"}],"predecessor-version":[{"id":1808,"href":"https:\/\/1000zaracotas.com\/index.php\/wp-json\/wp\/v2\/pages\/1780\/revisions\/1808"}],"wp:attachment":[{"href":"https:\/\/1000zaracotas.com\/index.php\/wp-json\/wp\/v2\/media?parent=1780"}],"curies":[{"name":"wp","href":"https:\/\/api.w.org\/{rel}","templated":true}]}}